{"id":438,"date":"2023-08-28T11:31:42","date_gmt":"2023-08-28T09:31:42","guid":{"rendered":"https:\/\/losfuturosdelaeducacion.fundacion-sm.org\/politica-de-cookies\/"},"modified":"2024-02-21T15:28:06","modified_gmt":"2024-02-21T14:28:06","slug":"politica-de-cookies","status":"publish","type":"page","link":"https:\/\/losfuturosdelaeducacion.fundacion-sm.org\/pt-br\/politica-de-cookies\/","title":{"rendered":"Pol\u00edtica de cookies"},"content":{"rendered":"\t\t<div data-elementor-type=\"wp-page\" data-elementor-id=\"438\" class=\"elementor elementor-438 elementor-290\" data-elementor-post-type=\"page\">\n\t\t\t\t\t\t<section class=\"elementor-section elementor-top-section elementor-element elementor-element-90e57c0 elementor-section-full_width elementor-section-height-default elementor-section-height-default\" data-id=\"90e57c0\" data-element_type=\"section\">\n\t\t\t\t\t\t<div class=\"elementor-container elementor-column-gap-default\">\n\t\t\t\t\t<div class=\"elementor-column elementor-col-100 elementor-top-column elementor-element elementor-element-030e3da\" data-id=\"030e3da\" data-element_type=\"column\">\n\t\t\t<div class=\"elementor-widget-wrap elementor-element-populated\">\n\t\t\t\t\t\t<div class=\"elementor-element elementor-element-1097482 elementor-widget elementor-widget-bloque-cabecera-menu\" data-id=\"1097482\" data-element_type=\"widget\" data-widget_type=\"bloque-cabecera-menu.default\">\n\t\t\t\t<div class=\"elementor-widget-container\">\n\t\t\t\t\t<header class=\"header normal\">\n    <div id=\"sticky_header\" class=\"no-sticky\">\n        <div class=\"container\">\n            <div class=\"row\">\n                <div class=\"col-12 d-flex justify-content-between align-items-end\">\n                    <div class=\"logo \">\n                        <a href=\"https:\/\/losfuturosdelaeducacion.fundacion-sm.org\/pt-br\/\" class=\"custom-logo-link\" rel=\"home\"><img fetchpriority=\"high\" decoding=\"async\" width=\"423\" height=\"264\" src=\"https:\/\/losfuturosdelaeducacion.fundacion-sm.org\/wp-content\/uploads\/sites\/16\/2023\/11\/futuros-logo-portugues.png\" class=\"custom-logo\" alt=\"Os futuros da educa\u00e7\u00e3o\" srcset=\"https:\/\/losfuturosdelaeducacion.fundacion-sm.org\/wp-content\/uploads\/sites\/16\/2023\/11\/futuros-logo-portugues.png 423w, https:\/\/losfuturosdelaeducacion.fundacion-sm.org\/wp-content\/uploads\/sites\/16\/2023\/11\/futuros-logo-portugues-300x187.png 300w\" sizes=\"(max-width: 423px) 100vw, 423px\" \/><\/a>                    <\/div>\n                    <div class=\"menu-header\">\n                                                <div id=\"nav-menu\" data-target=\"#main_menu\" data-toggle=\"collapse\" class=\"navbar-toggle openMenu\">\n                          <span><\/span>\n                          <span><\/span>\n                          <span><\/span>\n                          <span><\/span>\n                        <\/div>\n                        \n                                                    <!-- MEGAMENU -->\n                            <div class=\"megamenu\">\n                                <div class=\"container\">\n                                    <div id=\"cerrarmenu\" class=\"boton-cerrar\"><i class=\"fal fa-times\"><\/i><\/div>\n                                    <ul id=\"menu-principal-pt-br\" class=\"list-group list-group-horizontal\" itemscope itemtype=\"http:\/\/www.schema.org\/SiteNavigationElement\"><li  id=\"menu-item-763\" class=\"menu-item menu-item-type-post_type menu-item-object-page menu-item-763 nav-item\"><a itemprop=\"url\" href=\"https:\/\/losfuturosdelaeducacion.fundacion-sm.org\/pt-br\/o-relatorio\/\" class=\"nav-link\"><span itemprop=\"name\">O relat\u00f3rio<\/span><\/a><\/li>\n<li  id=\"menu-item-764\" class=\"menu-item menu-item-type-post_type menu-item-object-page menu-item-764 nav-item\"><a itemprop=\"url\" href=\"https:\/\/losfuturosdelaeducacion.fundacion-sm.org\/pt-br\/eixos-de-transformacao\/\" class=\"nav-link\"><span itemprop=\"name\">Eixos de transforma\u00e7\u00e3o<\/span><\/a><\/li>\n<li  id=\"menu-item-765\" class=\"menu-item menu-item-type-post_type menu-item-object-page menu-item-765 nav-item\"><a itemprop=\"url\" href=\"https:\/\/losfuturosdelaeducacion.fundacion-sm.org\/pt-br\/reimaginar-juntos\/\" class=\"nav-link\"><span itemprop=\"name\">Reimaginar juntos<\/span><\/a><\/li>\n<li  id=\"menu-item-766\" class=\"menu-item menu-item-type-post_type menu-item-object-page menu-item-766 nav-item\"><a itemprop=\"url\" href=\"https:\/\/losfuturosdelaeducacion.fundacion-sm.org\/pt-br\/calendario\/\" class=\"nav-link\"><span itemprop=\"name\">Calend\u00e1rio<\/span><\/a><\/li>\n<li  id=\"menu-item-768\" class=\"menu-item menu-item-type-taxonomy menu-item-object-category menu-item-768 nav-item\"><a itemprop=\"url\" href=\"https:\/\/losfuturosdelaeducacion.fundacion-sm.org\/pt-br\/noticias-pt-br\/\" class=\"nav-link\"><span itemprop=\"name\">Not\u00edcias<\/span><\/a><\/li>\n<li  id=\"menu-item-767\" class=\"menu-item menu-item-type-post_type menu-item-object-page menu-item-767 nav-item\"><a itemprop=\"url\" href=\"https:\/\/losfuturosdelaeducacion.fundacion-sm.org\/pt-br\/contacto\/\" class=\"nav-link\"><span itemprop=\"name\">Contato<\/span><\/a><\/li>\n<li  id=\"menu-item-wpml-ls-2-es\" class=\"menu-item wpml-ls-slot-2 wpml-ls-item wpml-ls-item-es wpml-ls-menu-item wpml-ls-first-item wpml-ls-last-item menu-item-type-wpml_ls_menu_item menu-item-object-wpml_ls_menu_item menu-item-wpml-ls-2-es nav-item\"><a title=\"Mudar para Espa\u00f1ol\" itemprop=\"url\" href=\"https:\/\/losfuturosdelaeducacion.fundacion-sm.org\/\" class=\"nav-link\" aria-label=\"Mudar para Espa\u00f1ol\" role=\"menuitem\"><span itemprop=\"name\"><span class=\"wpml-ls-native\" lang=\"es\">Espa\u00f1ol<\/span><\/span><\/a><\/li>\n<\/ul>                                <\/div>\n                            <\/div>\n                        \n                        \n                                                <div class=\"btn-header\" id=\"openSearch\" title=\"Buscar\">\n                            <i class=\"far fa-search\"><\/i>\n                            <i class=\"fal fa-times hidden\"><\/i>\n                        <\/div>\n                                                \n<div class=\"wpml-ls-statics-shortcode_actions wpml-ls wpml-ls-legacy-list-horizontal\">\n\t<ul role=\"menu\"><li class=\"wpml-ls-slot-shortcode_actions wpml-ls-item wpml-ls-item-es wpml-ls-first-item wpml-ls-last-item wpml-ls-item-legacy-list-horizontal\" role=\"none\">\n\t\t\t\t<a href=\"https:\/\/losfuturosdelaeducacion.fundacion-sm.org\/\" class=\"wpml-ls-link\" role=\"menuitem\"  aria-label=\"Mudar para Espa\u00f1ol\" title=\"Mudar para Espa\u00f1ol\" >\n                    <span class=\"wpml-ls-native\" lang=\"es\">Espa\u00f1ol<\/span><\/a>\n\t\t\t<\/li><\/ul>\n<\/div>\n                    <\/div>\n                <\/div>\n            <\/div>    \n        <\/div>\n                <div class=\"buscador-modal\">\n            <div class=\"container\">\n                <form action=\"https:\/\/losfuturosdelaeducacion.fundacion-sm.org\/pt-br\/\" method=\"get\">\n                    <div class=\"input-group\">\n                      <input type=\"text\" name=\"s\" id=\"s\" class=\"form-control\" placeholder=\"O que voc\u00ea est\u00e1 buscando?\">\n                      <div class=\"input-group-append\">\n                        <button class=\"btn btn-outline-secondary\" type=\"submit\"><i class=\"far fa-search\"><\/i><\/button>\n                      <\/div>\n                    <\/div>\n                <\/form>\n            <\/div>\n        <\/div>\n            <\/div>\n<\/header>\t\t\t\t<\/div>\n\t\t\t\t<\/div>\n\t\t\t\t<div class=\"elementor-element elementor-element-9315e80 elementor-widget elementor-widget-bloque-cabecera-texto\" data-id=\"9315e80\" data-element_type=\"widget\" data-widget_type=\"bloque-cabecera-texto.default\">\n\t\t\t\t<div class=\"elementor-widget-container\">\n\t\t\t\t\t<!-- Texto cabecera texto-->\n<div class=\"ruta-de-migas\">\n    <div class=\"container\">\n            <div data-aos=\"fade-right\" data-aos-duration=\"700\"><ol class=\"breadcrumb\"><li><a href=\"https:\/\/losfuturosdelaeducacion.fundacion-sm.org\/pt-br\/\">Home<\/a><\/li><\/ol><\/div>        <\/div>\n<\/div>\n<section class=\"bloque bloque-cabecera-texto \">\n    <div class=\"container\">\n        <h1 class=\"titulos\" data-aos=\"fade-left\" data-aos-duration=\"700\">Pol\u00edtica de cookies<\/h1>    <\/div>\n<\/section>\t\t\t\t<\/div>\n\t\t\t\t<\/div>\n\t\t\t\t<div class=\"elementor-element elementor-element-2d5343b elementor-widget elementor-widget-bloque-texto\" data-id=\"2d5343b\" data-element_type=\"widget\" data-widget_type=\"bloque-texto.default\">\n\t\t\t\t<div class=\"elementor-widget-container\">\n\t\t\t\t\t<!-- Texto -->\n<section class=\"bloque bloque-texto  \">\n    <div class=\"container\">\n        <div class=\"row justify-content-center\">\n            <div class=\"col-12 col-lg-8\">\n                                <div class=\"the_content\" data-aos=\"fade-up\" data-aos-duration=\"700\">\n                    <p><script id=\"admindpo\" src=\"https:\/\/admindpo.grupo-sm.com\/dpoclient_v2.min.js\" data-baseurl=\"https:\/\/admindpo.grupo-sm.com\" data-sitename=\"cookiefirst-general\" data-document-type=\"cookies-policy\" data-language=\"pt\"><\/script><\/p>\n<p><div id=\"cookiefirst-policy-page\"><\/div><\/p>\n                <\/div>\n            <\/div>\n        <\/div>\n    <\/div>\n<\/section>\t\t\t\t<\/div>\n\t\t\t\t<\/div>\n\t\t\t\t\t<\/div>\n\t\t<\/div>\n\t\t\t\t\t<\/div>\n\t\t<\/section>\n\t\t\t\t<\/div>\n\t\t","protected":false},"excerpt":{"rendered":"<p>El informe Ejes de transformaci\u00f3n Reimaginar juntos Calendario Noticias Contacto Espa\u00f1ol Inicio Pol\u00edtica de cookies<\/p>\n","protected":false},"author":1,"featured_media":0,"parent":0,"menu_order":12,"comment_status":"closed","ping_status":"closed","template":"","meta":{"_acf_changed":false,"footnotes":""},"class_list":["post-438","page","type-page","status-publish","hentry"],"acf":[],"yoast_head":"<!-- This site is optimized with the Yoast SEO plugin v26.7 - https:\/\/yoast.com\/wordpress\/plugins\/seo\/ -->\n<title>Pol\u00edtica de cookies - Os futuros da educa\u00e7\u00e3o<\/title>\n<meta name=\"robots\" content=\"noindex, nofollow\" \/>\n<meta property=\"og:locale\" content=\"pt_BR\" \/>\n<meta property=\"og:type\" content=\"article\" \/>\n<meta property=\"og:title\" content=\"Pol\u00edtica de cookies - Os futuros da educa\u00e7\u00e3o\" \/>\n<meta property=\"og:description\" content=\"El informe Ejes de transformaci\u00f3n Reimaginar juntos Calendario Noticias Contacto Espa\u00f1ol Inicio Pol\u00edtica de cookies\" \/>\n<meta property=\"og:url\" content=\"https:\/\/losfuturosdelaeducacion.fundacion-sm.org\/pt-br\/politica-de-cookies\/\" \/>\n<meta property=\"og:site_name\" content=\"Os futuros da educa\u00e7\u00e3o\" \/>\n<meta property=\"article:modified_time\" content=\"2024-02-21T14:28:06+00:00\" \/>\n<meta property=\"og:image\" content=\"https:\/\/losfuturosdelaeducacion.fundacion-sm.org\/wp-content\/uploads\/sites\/16\/2023\/09\/logo-LFE-azul.png\" \/>\n<meta name=\"twitter:card\" content=\"summary_large_image\" \/>\n<script type=\"application\/ld+json\" class=\"yoast-schema-graph\">{\"@context\":\"https:\/\/schema.org\",\"@graph\":[{\"@type\":\"WebPage\",\"@id\":\"https:\/\/losfuturosdelaeducacion.fundacion-sm.org\/pt-br\/politica-de-cookies\/\",\"url\":\"https:\/\/losfuturosdelaeducacion.fundacion-sm.org\/pt-br\/politica-de-cookies\/\",\"name\":\"Pol\u00edtica de cookies - Os futuros da educa\u00e7\u00e3o\",\"isPartOf\":{\"@id\":\"https:\/\/losfuturosdelaeducacion.fundacion-sm.org\/pt-br\/#website\"},\"primaryImageOfPage\":{\"@id\":\"https:\/\/losfuturosdelaeducacion.fundacion-sm.org\/pt-br\/politica-de-cookies\/#primaryimage\"},\"image\":{\"@id\":\"https:\/\/losfuturosdelaeducacion.fundacion-sm.org\/pt-br\/politica-de-cookies\/#primaryimage\"},\"thumbnailUrl\":\"https:\/\/losfuturosdelaeducacion.fundacion-sm.org\/wp-content\/uploads\/sites\/16\/2023\/09\/logo-LFE-azul.png\",\"datePublished\":\"2023-08-28T09:31:42+00:00\",\"dateModified\":\"2024-02-21T14:28:06+00:00\",\"breadcrumb\":{\"@id\":\"https:\/\/losfuturosdelaeducacion.fundacion-sm.org\/pt-br\/politica-de-cookies\/#breadcrumb\"},\"inLanguage\":\"pt-BR\",\"potentialAction\":[{\"@type\":\"ReadAction\",\"target\":[\"https:\/\/losfuturosdelaeducacion.fundacion-sm.org\/pt-br\/politica-de-cookies\/\"]}]},{\"@type\":\"ImageObject\",\"inLanguage\":\"pt-BR\",\"@id\":\"https:\/\/losfuturosdelaeducacion.fundacion-sm.org\/pt-br\/politica-de-cookies\/#primaryimage\",\"url\":\"https:\/\/losfuturosdelaeducacion.fundacion-sm.org\/wp-content\/uploads\/sites\/16\/2023\/09\/logo-LFE-azul.png\",\"contentUrl\":\"https:\/\/losfuturosdelaeducacion.fundacion-sm.org\/wp-content\/uploads\/sites\/16\/2023\/09\/logo-LFE-azul.png\"},{\"@type\":\"BreadcrumbList\",\"@id\":\"https:\/\/losfuturosdelaeducacion.fundacion-sm.org\/pt-br\/politica-de-cookies\/#breadcrumb\",\"itemListElement\":[{\"@type\":\"ListItem\",\"position\":1,\"name\":\"Home\",\"item\":\"https:\/\/losfuturosdelaeducacion.fundacion-sm.org\/pt-br\/\"},{\"@type\":\"ListItem\",\"position\":2,\"name\":\"Pol\u00edtica de cookies\"}]},{\"@type\":\"WebSite\",\"@id\":\"https:\/\/losfuturosdelaeducacion.fundacion-sm.org\/pt-br\/#website\",\"url\":\"https:\/\/losfuturosdelaeducacion.fundacion-sm.org\/pt-br\/\",\"name\":\"Os futuros da educa\u00e7\u00e3o\",\"description\":\"\",\"publisher\":{\"@id\":\"https:\/\/losfuturosdelaeducacion.fundacion-sm.org\/pt-br\/#organization\"},\"potentialAction\":[{\"@type\":\"SearchAction\",\"target\":{\"@type\":\"EntryPoint\",\"urlTemplate\":\"https:\/\/losfuturosdelaeducacion.fundacion-sm.org\/pt-br\/?s={search_term_string}\"},\"query-input\":{\"@type\":\"PropertyValueSpecification\",\"valueRequired\":true,\"valueName\":\"search_term_string\"}}],\"inLanguage\":\"pt-BR\"},{\"@type\":\"Organization\",\"@id\":\"https:\/\/losfuturosdelaeducacion.fundacion-sm.org\/pt-br\/#organization\",\"name\":\"Os futuros da educa\u00e7\u00e3o\",\"url\":\"https:\/\/losfuturosdelaeducacion.fundacion-sm.org\/pt-br\/\",\"logo\":{\"@type\":\"ImageObject\",\"inLanguage\":\"pt-BR\",\"@id\":\"https:\/\/losfuturosdelaeducacion.fundacion-sm.org\/pt-br\/#\/schema\/logo\/image\/\",\"url\":\"https:\/\/losfuturosdelaeducacion.fundacion-sm.org\/wp-content\/uploads\/sites\/16\/2023\/11\/futuros-logo-portugues.png\",\"contentUrl\":\"https:\/\/losfuturosdelaeducacion.fundacion-sm.org\/wp-content\/uploads\/sites\/16\/2023\/11\/futuros-logo-portugues.png\",\"width\":423,\"height\":264,\"caption\":\"Os futuros da educa\u00e7\u00e3o\"},\"image\":{\"@id\":\"https:\/\/losfuturosdelaeducacion.fundacion-sm.org\/pt-br\/#\/schema\/logo\/image\/\"}}]}<\/script>\n<!-- \/ Yoast SEO plugin. -->","yoast_head_json":{"title":"Pol\u00edtica de cookies - Os futuros da educa\u00e7\u00e3o","robots":{"index":"noindex","follow":"nofollow"},"og_locale":"pt_BR","og_type":"article","og_title":"Pol\u00edtica de cookies - Os futuros da educa\u00e7\u00e3o","og_description":"El informe Ejes de transformaci\u00f3n Reimaginar juntos Calendario Noticias Contacto Espa\u00f1ol Inicio Pol\u00edtica de cookies","og_url":"https:\/\/losfuturosdelaeducacion.fundacion-sm.org\/pt-br\/politica-de-cookies\/","og_site_name":"Os futuros da educa\u00e7\u00e3o","article_modified_time":"2024-02-21T14:28:06+00:00","og_image":[{"url":"https:\/\/losfuturosdelaeducacion.fundacion-sm.org\/wp-content\/uploads\/sites\/16\/2023\/09\/logo-LFE-azul.png","type":"","width":"","height":""}],"twitter_card":"summary_large_image","schema":{"@context":"https:\/\/schema.org","@graph":[{"@type":"WebPage","@id":"https:\/\/losfuturosdelaeducacion.fundacion-sm.org\/pt-br\/politica-de-cookies\/","url":"https:\/\/losfuturosdelaeducacion.fundacion-sm.org\/pt-br\/politica-de-cookies\/","name":"Pol\u00edtica de cookies - Os futuros da educa\u00e7\u00e3o","isPartOf":{"@id":"https:\/\/losfuturosdelaeducacion.fundacion-sm.org\/pt-br\/#website"},"primaryImageOfPage":{"@id":"https:\/\/losfuturosdelaeducacion.fundacion-sm.org\/pt-br\/politica-de-cookies\/#primaryimage"},"image":{"@id":"https:\/\/losfuturosdelaeducacion.fundacion-sm.org\/pt-br\/politica-de-cookies\/#primaryimage"},"thumbnailUrl":"https:\/\/losfuturosdelaeducacion.fundacion-sm.org\/wp-content\/uploads\/sites\/16\/2023\/09\/logo-LFE-azul.png","datePublished":"2023-08-28T09:31:42+00:00","dateModified":"2024-02-21T14:28:06+00:00","breadcrumb":{"@id":"https:\/\/losfuturosdelaeducacion.fundacion-sm.org\/pt-br\/politica-de-cookies\/#breadcrumb"},"inLanguage":"pt-BR","potentialAction":[{"@type":"ReadAction","target":["https:\/\/losfuturosdelaeducacion.fundacion-sm.org\/pt-br\/politica-de-cookies\/"]}]},{"@type":"ImageObject","inLanguage":"pt-BR","@id":"https:\/\/losfuturosdelaeducacion.fundacion-sm.org\/pt-br\/politica-de-cookies\/#primaryimage","url":"https:\/\/losfuturosdelaeducacion.fundacion-sm.org\/wp-content\/uploads\/sites\/16\/2023\/09\/logo-LFE-azul.png","contentUrl":"https:\/\/losfuturosdelaeducacion.fundacion-sm.org\/wp-content\/uploads\/sites\/16\/2023\/09\/logo-LFE-azul.png"},{"@type":"BreadcrumbList","@id":"https:\/\/losfuturosdelaeducacion.fundacion-sm.org\/pt-br\/politica-de-cookies\/#breadcrumb","itemListElement":[{"@type":"ListItem","position":1,"name":"Home","item":"https:\/\/losfuturosdelaeducacion.fundacion-sm.org\/pt-br\/"},{"@type":"ListItem","position":2,"name":"Pol\u00edtica de cookies"}]},{"@type":"WebSite","@id":"https:\/\/losfuturosdelaeducacion.fundacion-sm.org\/pt-br\/#website","url":"https:\/\/losfuturosdelaeducacion.fundacion-sm.org\/pt-br\/","name":"Os futuros da educa\u00e7\u00e3o","description":"","publisher":{"@id":"https:\/\/losfuturosdelaeducacion.fundacion-sm.org\/pt-br\/#organization"},"potentialAction":[{"@type":"SearchAction","target":{"@type":"EntryPoint","urlTemplate":"https:\/\/losfuturosdelaeducacion.fundacion-sm.org\/pt-br\/?s={search_term_string}"},"query-input":{"@type":"PropertyValueSpecification","valueRequired":true,"valueName":"search_term_string"}}],"inLanguage":"pt-BR"},{"@type":"Organization","@id":"https:\/\/losfuturosdelaeducacion.fundacion-sm.org\/pt-br\/#organization","name":"Os futuros da educa\u00e7\u00e3o","url":"https:\/\/losfuturosdelaeducacion.fundacion-sm.org\/pt-br\/","logo":{"@type":"ImageObject","inLanguage":"pt-BR","@id":"https:\/\/losfuturosdelaeducacion.fundacion-sm.org\/pt-br\/#\/schema\/logo\/image\/","url":"https:\/\/losfuturosdelaeducacion.fundacion-sm.org\/wp-content\/uploads\/sites\/16\/2023\/11\/futuros-logo-portugues.png","contentUrl":"https:\/\/losfuturosdelaeducacion.fundacion-sm.org\/wp-content\/uploads\/sites\/16\/2023\/11\/futuros-logo-portugues.png","width":423,"height":264,"caption":"Os futuros da educa\u00e7\u00e3o"},"image":{"@id":"https:\/\/losfuturosdelaeducacion.fundacion-sm.org\/pt-br\/#\/schema\/logo\/image\/"}}]}},"_links":{"self":[{"href":"https:\/\/losfuturosdelaeducacion.fundacion-sm.org\/pt-br\/wp-json\/wp\/v2\/pages\/438","targetHints":{"allow":["GET"]}}],"collection":[{"href":"https:\/\/losfuturosdelaeducacion.fundacion-sm.org\/pt-br\/wp-json\/wp\/v2\/pages"}],"about":[{"href":"https:\/\/losfuturosdelaeducacion.fundacion-sm.org\/pt-br\/wp-json\/wp\/v2\/types\/page"}],"author":[{"embeddable":true,"href":"https:\/\/losfuturosdelaeducacion.fundacion-sm.org\/pt-br\/wp-json\/wp\/v2\/users\/1"}],"replies":[{"embeddable":true,"href":"https:\/\/losfuturosdelaeducacion.fundacion-sm.org\/pt-br\/wp-json\/wp\/v2\/comments?post=438"}],"version-history":[{"count":5,"href":"https:\/\/losfuturosdelaeducacion.fundacion-sm.org\/pt-br\/wp-json\/wp\/v2\/pages\/438\/revisions"}],"predecessor-version":[{"id":1002,"href":"https:\/\/losfuturosdelaeducacion.fundacion-sm.org\/pt-br\/wp-json\/wp\/v2\/pages\/438\/revisions\/1002"}],"wp:attachment":[{"href":"https:\/\/losfuturosdelaeducacion.fundacion-sm.org\/pt-br\/wp-json\/wp\/v2\/media?parent=438"}],"curies":[{"name":"wp","href":"https:\/\/api.w.org\/{rel}","templated":true}]}}